{"id":4500,"date":"2022-05-24T13:05:18","date_gmt":"2022-05-24T13:05:18","guid":{"rendered":"https:\/\/foerderbandtechnik.eu\/inspection-hatches\/"},"modified":"2025-04-03T07:25:35","modified_gmt":"2025-04-03T07:25:35","slug":"inspection-hatches","status":"publish","type":"page","link":"https:\/\/foerderbandtechnik.eu\/en\/inspection-hatches\/","title":{"rendered":"Inspection hatches"},"content":{"rendered":"\t\t<div data-elementor-type=\"wp-page\" data-elementor-id=\"4500\" class=\"elementor elementor-4500 elementor-247\" data-elementor-post-type=\"page\">\n\t\t\t\t\t\t<section class=\"elementor-section elementor-top-section elementor-element elementor-element-d667344 elementor-section-full_width elementor-section-content-middle elementor-section-height-default elementor-section-height-default\" data-id=\"d667344\" data-element_type=\"section\" data-e-type=\"section\">\n\t\t\t\t\t\t<div class=\"elementor-container elementor-column-gap-default\">\n\t\t\t\t\t<div class=\"elementor-column elementor-col-100 elementor-top-column elementor-element elementor-element-3f64c10\" data-id=\"3f64c10\" data-element_type=\"column\" data-e-type=\"column\">\n\t\t\t<div class=\"elementor-widget-wrap elementor-element-populated\">\n\t\t\t\t\t\t<div class=\"elementor-element elementor-element-d6ddc67 elementor-widget elementor-widget-menu-anchor\" data-id=\"d6ddc67\" data-element_type=\"widget\" data-e-type=\"widget\" data-widget_type=\"menu-anchor.default\">\n\t\t\t\t<div class=\"elementor-widget-container\">\n\t\t\t\t\t\t\t<div class=\"elementor-menu-anchor\" id=\"Steelrollers\"><\/div>\n\t\t\t\t\t\t<\/div>\n\t\t\t\t<\/div>\n\t\t\t\t\t<\/div>\n\t\t<\/div>\n\t\t\t\t\t<\/div>\n\t\t<\/section>\n\t\t\t\t<section class=\"elementor-section elementor-top-section elementor-element elementor-element-0e8d04a elementor-section-full_width elementor-section-height-min-height elementor-section-items-bottom elementor-section-content-bottom elementor-section-height-default\" data-id=\"0e8d04a\" data-element_type=\"section\" data-e-type=\"section\" data-settings=\"{&quot;background_background&quot;:&quot;classic&quot;}\">\n\t\t\t\t\t\t\t<div class=\"elementor-background-overlay\"><\/div>\n\t\t\t\t\t\t\t<div class=\"elementor-container elementor-column-gap-no\">\n\t\t\t\t\t<div class=\"elementor-column elementor-col-100 elementor-top-column elementor-element elementor-element-c9cbd49\" data-id=\"c9cbd49\" data-element_type=\"column\" data-e-type=\"column\">\n\t\t\t<div class=\"elementor-widget-wrap elementor-element-populated\">\n\t\t\t\t\t\t<div class=\"elementor-element elementor-element-ca405c1 elementor-widget elementor-widget-heading\" data-id=\"ca405c1\" data-element_type=\"widget\" data-e-type=\"widget\" data-widget_type=\"heading.default\">\n\t\t\t\t<div class=\"elementor-widget-container\">\n\t\t\t\t\t<h1 class=\"elementor-heading-title elementor-size-default\">Inspection hatches<\/h1>\t\t\t\t<\/div>\n\t\t\t\t<\/div>\n\t\t\t\t\t<\/div>\n\t\t<\/div>\n\t\t\t\t\t<\/div>\n\t\t<\/section>\n\t\t\t\t<section class=\"elementor-section elementor-top-section elementor-element elementor-element-383f8be elementor-section-height-min-height elementor-section-content-middle elementor-section-boxed elementor-section-height-default elementor-section-items-middle\" data-id=\"383f8be\" data-element_type=\"section\" data-e-type=\"section\" data-settings=\"{&quot;background_background&quot;:&quot;classic&quot;}\">\n\t\t\t\t\t\t<div class=\"elementor-container elementor-column-gap-default\">\n\t\t\t\t\t<div class=\"elementor-column elementor-col-50 elementor-top-column elementor-element elementor-element-f83de58 elementor-invisible\" data-id=\"f83de58\" data-element_type=\"column\" data-e-type=\"column\" data-settings=\"{&quot;background_background&quot;:&quot;classic&quot;,&quot;animation&quot;:&quot;fadeInLeft&quot;}\">\n\t\t\t<div class=\"elementor-widget-wrap elementor-element-populated\">\n\t\t\t\t\t\t<div class=\"elementor-element elementor-element-753a0b2 elementor-widget elementor-widget-text-editor\" data-id=\"753a0b2\" data-element_type=\"widget\" data-e-type=\"widget\" data-widget_type=\"text-editor.default\">\n\t\t\t\t<div class=\"elementor-widget-container\">\n\t\t\t\t\t\t\t\t\t<p>Dust-proof inspection hatches permit inspection and access to chutes, transition points and other housings for belt scraper maintenance and inspection or other maintenance.<\/p>\n\t\t\t\t\t\t\t\t<\/div>\n\t\t\t\t<\/div>\n\t\t\t\t<div class=\"elementor-element elementor-element-c5afd79 elementor-icon-list--layout-traditional elementor-list-item-link-full_width elementor-widget elementor-widget-icon-list\" data-id=\"c5afd79\" data-element_type=\"widget\" data-e-type=\"widget\" data-widget_type=\"icon-list.default\">\n\t\t\t\t<div class=\"elementor-widget-container\">\n\t\t\t\t\t\t\t<ul class=\"elementor-icon-list-items\">\n\t\t\t\t\t\t\t<li class=\"elementor-icon-list-item\">\n\t\t\t\t\t\t\t\t\t\t\t<span class=\"elementor-icon-list-icon\">\n\t\t\t\t\t\t\t<svg xmlns=\"http:\/\/www.w3.org\/2000\/svg\" width=\"52.28\" height=\"52.28\" viewBox=\"0 0 52.28 52.28\"><defs><style>.a{fill:#71ba35;}<\/style><\/defs><path class=\"a\" d=\"M34.14,8.5A26.14,26.14,0,1,0,60.28,34.64h0A26.172,26.172,0,0,0,34.14,8.5ZM48.614,27.768,31.1,45.267,19.542,33.709a1.766,1.766,0,0,1,2.451-2.544l.047.047,9.06,9L46.039,25.255a1.809,1.809,0,0,1,2.5,0,1.742,1.742,0,0,1,.093,2.467c0,.031-.016.031-.016.047Z\" transform=\"translate(-8 -8.5)\"><\/path><\/svg>\t\t\t\t\t\t<\/span>\n\t\t\t\t\t\t\t\t\t\t<span class=\"elementor-icon-list-text\">Different sizes<\/span>\n\t\t\t\t\t\t\t\t\t<\/li>\n\t\t\t\t\t\t\t\t<li class=\"elementor-icon-list-item\">\n\t\t\t\t\t\t\t\t\t\t\t<span class=\"elementor-icon-list-icon\">\n\t\t\t\t\t\t\t<svg xmlns=\"http:\/\/www.w3.org\/2000\/svg\" width=\"52.28\" height=\"52.28\" viewBox=\"0 0 52.28 52.28\"><defs><style>.a{fill:#71ba35;}<\/style><\/defs><path class=\"a\" d=\"M34.14,8.5A26.14,26.14,0,1,0,60.28,34.64h0A26.172,26.172,0,0,0,34.14,8.5ZM48.614,27.768,31.1,45.267,19.542,33.709a1.766,1.766,0,0,1,2.451-2.544l.047.047,9.06,9L46.039,25.255a1.809,1.809,0,0,1,2.5,0,1.742,1.742,0,0,1,.093,2.467c0,.031-.016.031-.016.047Z\" transform=\"translate(-8 -8.5)\"><\/path><\/svg>\t\t\t\t\t\t<\/span>\n\t\t\t\t\t\t\t\t\t\t<span class=\"elementor-icon-list-text\">All hatches have a safety grille<\/span>\n\t\t\t\t\t\t\t\t\t<\/li>\n\t\t\t\t\t\t\t\t<li class=\"elementor-icon-list-item\">\n\t\t\t\t\t\t\t\t\t\t\t<span class=\"elementor-icon-list-icon\">\n\t\t\t\t\t\t\t<svg xmlns=\"http:\/\/www.w3.org\/2000\/svg\" width=\"52.28\" height=\"52.28\" viewBox=\"0 0 52.28 52.28\"><defs><style>.a{fill:#71ba35;}<\/style><\/defs><path class=\"a\" d=\"M34.14,8.5A26.14,26.14,0,1,0,60.28,34.64h0A26.172,26.172,0,0,0,34.14,8.5ZM48.614,27.768,31.1,45.267,19.542,33.709a1.766,1.766,0,0,1,2.451-2.544l.047.047,9.06,9L46.039,25.255a1.809,1.809,0,0,1,2.5,0,1.742,1.742,0,0,1,.093,2.467c0,.031-.016.031-.016.047Z\" transform=\"translate(-8 -8.5)\"><\/path><\/svg>\t\t\t\t\t\t<\/span>\n\t\t\t\t\t\t\t\t\t\t<span class=\"elementor-icon-list-text\">Durable construction for retrofitting or new systems<\/span>\n\t\t\t\t\t\t\t\t\t<\/li>\n\t\t\t\t\t\t<\/ul>\n\t\t\t\t\t\t<\/div>\n\t\t\t\t<\/div>\n\t\t\t\t<div class=\"elementor-element elementor-element-2a12972 elementor-hidden-desktop elementor-hidden-tablet elementor-widget elementor-widget-image\" data-id=\"2a12972\" data-element_type=\"widget\" data-e-type=\"widget\" data-widget_type=\"image.default\">\n\t\t\t\t<div class=\"elementor-widget-container\">\n\t\t\t\t\t\t\t\t\t\t\t\t\t\t\t<img fetchpriority=\"high\" decoding=\"async\" width=\"528\" height=\"600\" src=\"https:\/\/foerderbandtechnik.eu\/wp-content\/uploads\/2021\/09\/csm_Inspektionstuer_b81f502401.webp\" class=\"attachment-large size-large wp-image-6069\" alt=\"\" srcset=\"https:\/\/foerderbandtechnik.eu\/wp-content\/uploads\/2021\/09\/csm_Inspektionstuer_b81f502401.webp 528w, https:\/\/foerderbandtechnik.eu\/wp-content\/uploads\/2021\/09\/csm_Inspektionstuer_b81f502401-264x300.webp 264w\" sizes=\"(max-width: 528px) 100vw, 528px\" \/>\t\t\t\t\t\t\t\t\t\t\t\t\t\t\t<\/div>\n\t\t\t\t<\/div>\n\t\t\t\t\t<\/div>\n\t\t<\/div>\n\t\t\t\t<div class=\"elementor-column elementor-col-50 elementor-top-column elementor-element elementor-element-ef50c9c elementor-hidden-phone elementor-invisible\" data-id=\"ef50c9c\" data-element_type=\"column\" data-e-type=\"column\" data-settings=\"{&quot;animation&quot;:&quot;fadeInRight&quot;}\">\n\t\t\t<div class=\"elementor-widget-wrap elementor-element-populated\">\n\t\t\t\t\t\t<div class=\"elementor-element elementor-element-66067e8 elementor-widget elementor-widget-image\" data-id=\"66067e8\" data-element_type=\"widget\" data-e-type=\"widget\" data-widget_type=\"image.default\">\n\t\t\t\t<div class=\"elementor-widget-container\">\n\t\t\t\t\t\t\t\t\t\t\t\t\t\t\t\t<a href=\"https:\/\/foerderbandtechnik.eu\/wp-content\/uploads\/2021\/09\/csm_Inspektionstuer_b81f502401.jpg\" data-elementor-open-lightbox=\"yes\" data-elementor-lightbox-title=\"csm_Inspektionstuer_b81f502401\" data-elementor-lightbox-description=\"Staubdichte Inspektionst\u00fcr f\u00fcr die Wartung und Inspektion, FTK F\u00f6rderband Technik Kilian GmbH\" data-e-action-hash=\"#elementor-action%3Aaction%3Dlightbox%26settings%3DeyJpZCI6MzgyNywidXJsIjoiaHR0cHM6XC9cL2ZvZXJkZXJiYW5kdGVjaG5pay5ldVwvd3AtY29udGVudFwvdXBsb2Fkc1wvMjAyMVwvMDlcL2NzbV9JbnNwZWt0aW9uc3R1ZXJfYjgxZjUwMjQwMS5qcGcifQ%3D%3D\">\n\t\t\t\t\t\t\t<img decoding=\"async\" src=\"https:\/\/foerderbandtechnik.eu\/wp-content\/uploads\/elementor\/thumbs\/csm_Inspektionstuer_b81f502401-pq20crlhltr33bub9s1z3sopqpoyytw5loj3hyyb6o.jpg\" title=\"csm_Inspektionstuer_b81f502401\" alt=\"Rote Inspektionst\u00fcr\" loading=\"lazy\" \/>\t\t\t\t\t\t\t\t<\/a>\n\t\t\t\t\t\t\t\t\t\t\t\t\t\t\t<\/div>\n\t\t\t\t<\/div>\n\t\t\t\t\t<\/div>\n\t\t<\/div>\n\t\t\t\t\t<\/div>\n\t\t<\/section>\n\t\t\t\t<\/div>\n\t\t","protected":false},"excerpt":{"rendered":"<p>Inspection hatches Dust-proof inspection hatches permit inspection and access to chutes, transition points and other housings for belt scraper maintenance and inspection or other maintenance. Different sizes All hatches have a safety grille Durable construction for retrofitting or new systems<\/p>\n","protected":false},"author":15,"featured_media":0,"parent":0,"menu_order":0,"comment_status":"closed","ping_status":"closed","template":"","meta":{"footnotes":""},"class_list":["post-4500","page","type-page","status-publish","hentry"],"yoast_head":"<!-- This site is optimized with the Yoast SEO plugin v27.3 - https:\/\/yoast.com\/product\/yoast-seo-wordpress\/ -->\n<title>Dust-proof inspection hatches - FTK F\u00f6rderband Technik Kilian<\/title>\n<meta name=\"description\" content=\"Dust-proof inspection hatches permit inspection and access to chutes, transition points and other housings for belt scraper maintenance and inspection or other maintenance.\" \/>\n<meta name=\"robots\" content=\"index, follow, max-snippet:-1, max-image-preview:large, max-video-preview:-1\" \/>\n<link rel=\"canonical\" href=\"https:\/\/foerderbandtechnik.eu\/en\/inspection-hatches\/\" \/>\n<meta property=\"og:locale\" content=\"en_US\" \/>\n<meta property=\"og:type\" content=\"article\" \/>\n<meta property=\"og:title\" content=\"Dust-proof inspection hatches - FTK F\u00f6rderband Technik Kilian\" \/>\n<meta property=\"og:description\" content=\"Dust-proof inspection hatches permit inspection and access to chutes, transition points and other housings for belt scraper maintenance and inspection or other maintenance.\" \/>\n<meta property=\"og:url\" content=\"https:\/\/foerderbandtechnik.eu\/en\/inspection-hatches\/\" \/>\n<meta property=\"og:site_name\" content=\"FTK F\u00f6rderbandtechnik\" \/>\n<meta property=\"article:modified_time\" content=\"2025-04-03T07:25:35+00:00\" \/>\n<meta property=\"og:image\" content=\"https:\/\/foerderbandtechnik.eu\/wp-content\/uploads\/2021\/09\/csm_Inspektionstuer_b81f502401.webp\" \/>\n\t<meta property=\"og:image:width\" content=\"528\" \/>\n\t<meta property=\"og:image:height\" content=\"600\" \/>\n\t<meta property=\"og:image:type\" content=\"image\/webp\" \/>\n<meta name=\"twitter:card\" content=\"summary_large_image\" \/>\n<meta name=\"twitter:label1\" content=\"Est. reading time\" \/>\n\t<meta name=\"twitter:data1\" content=\"1 minute\" \/>\n<script type=\"application\/ld+json\" class=\"yoast-schema-graph\">{\"@context\":\"https:\\\/\\\/schema.org\",\"@graph\":[{\"@type\":\"WebPage\",\"@id\":\"https:\\\/\\\/foerderbandtechnik.eu\\\/en\\\/inspection-hatches\\\/\",\"url\":\"https:\\\/\\\/foerderbandtechnik.eu\\\/en\\\/inspection-hatches\\\/\",\"name\":\"Dust-proof inspection hatches - FTK F\u00f6rderband Technik Kilian\",\"isPartOf\":{\"@id\":\"https:\\\/\\\/foerderbandtechnik.eu\\\/en\\\/#website\"},\"primaryImageOfPage\":{\"@id\":\"https:\\\/\\\/foerderbandtechnik.eu\\\/en\\\/inspection-hatches\\\/#primaryimage\"},\"image\":{\"@id\":\"https:\\\/\\\/foerderbandtechnik.eu\\\/en\\\/inspection-hatches\\\/#primaryimage\"},\"thumbnailUrl\":\"https:\\\/\\\/foerderbandtechnik.eu\\\/wp-content\\\/uploads\\\/2021\\\/09\\\/csm_Inspektionstuer_b81f502401.webp\",\"datePublished\":\"2022-05-24T13:05:18+00:00\",\"dateModified\":\"2025-04-03T07:25:35+00:00\",\"description\":\"Dust-proof inspection hatches permit inspection and access to chutes, transition points and other housings for belt scraper maintenance and inspection or other maintenance.\",\"breadcrumb\":{\"@id\":\"https:\\\/\\\/foerderbandtechnik.eu\\\/en\\\/inspection-hatches\\\/#breadcrumb\"},\"inLanguage\":\"en-US\",\"potentialAction\":[{\"@type\":\"ReadAction\",\"target\":[\"https:\\\/\\\/foerderbandtechnik.eu\\\/en\\\/inspection-hatches\\\/\"]}]},{\"@type\":\"ImageObject\",\"inLanguage\":\"en-US\",\"@id\":\"https:\\\/\\\/foerderbandtechnik.eu\\\/en\\\/inspection-hatches\\\/#primaryimage\",\"url\":\"https:\\\/\\\/foerderbandtechnik.eu\\\/wp-content\\\/uploads\\\/2021\\\/09\\\/csm_Inspektionstuer_b81f502401.webp\",\"contentUrl\":\"https:\\\/\\\/foerderbandtechnik.eu\\\/wp-content\\\/uploads\\\/2021\\\/09\\\/csm_Inspektionstuer_b81f502401.webp\"},{\"@type\":\"BreadcrumbList\",\"@id\":\"https:\\\/\\\/foerderbandtechnik.eu\\\/en\\\/inspection-hatches\\\/#breadcrumb\",\"itemListElement\":[{\"@type\":\"ListItem\",\"position\":1,\"name\":\"Home\",\"item\":\"https:\\\/\\\/foerderbandtechnik.eu\\\/en\\\/\"},{\"@type\":\"ListItem\",\"position\":2,\"name\":\"Inspection hatches\"}]},{\"@type\":\"WebSite\",\"@id\":\"https:\\\/\\\/foerderbandtechnik.eu\\\/en\\\/#website\",\"url\":\"https:\\\/\\\/foerderbandtechnik.eu\\\/en\\\/\",\"name\":\"FTK F\u00f6rderbandtechnik\",\"description\":\"FTK F\u00f6rderbandtechnik\",\"publisher\":{\"@id\":\"https:\\\/\\\/foerderbandtechnik.eu\\\/en\\\/#organization\"},\"potentialAction\":[{\"@type\":\"SearchAction\",\"target\":{\"@type\":\"EntryPoint\",\"urlTemplate\":\"https:\\\/\\\/foerderbandtechnik.eu\\\/en\\\/?s={search_term_string}\"},\"query-input\":{\"@type\":\"PropertyValueSpecification\",\"valueRequired\":true,\"valueName\":\"search_term_string\"}}],\"inLanguage\":\"en-US\"},{\"@type\":\"Organization\",\"@id\":\"https:\\\/\\\/foerderbandtechnik.eu\\\/en\\\/#organization\",\"name\":\"FTK F\u00f6rderbandtechnik\",\"url\":\"https:\\\/\\\/foerderbandtechnik.eu\\\/en\\\/\",\"logo\":{\"@type\":\"ImageObject\",\"inLanguage\":\"en-US\",\"@id\":\"https:\\\/\\\/foerderbandtechnik.eu\\\/en\\\/#\\\/schema\\\/logo\\\/image\\\/\",\"url\":\"https:\\\/\\\/foerderbandtechnik.eu\\\/wp-content\\\/uploads\\\/2021\\\/06\\\/Logo.svg\",\"contentUrl\":\"https:\\\/\\\/foerderbandtechnik.eu\\\/wp-content\\\/uploads\\\/2021\\\/06\\\/Logo.svg\",\"width\":232.422,\"height\":133.646,\"caption\":\"FTK F\u00f6rderbandtechnik\"},\"image\":{\"@id\":\"https:\\\/\\\/foerderbandtechnik.eu\\\/en\\\/#\\\/schema\\\/logo\\\/image\\\/\"}}]}<\/script>\n<!-- \/ Yoast SEO plugin. -->","yoast_head_json":{"title":"Dust-proof inspection hatches - FTK F\u00f6rderband Technik Kilian","description":"Dust-proof inspection hatches permit inspection and access to chutes, transition points and other housings for belt scraper maintenance and inspection or other maintenance.","robots":{"index":"index","follow":"follow","max-snippet":"max-snippet:-1","max-image-preview":"max-image-preview:large","max-video-preview":"max-video-preview:-1"},"canonical":"https:\/\/foerderbandtechnik.eu\/en\/inspection-hatches\/","og_locale":"en_US","og_type":"article","og_title":"Dust-proof inspection hatches - FTK F\u00f6rderband Technik Kilian","og_description":"Dust-proof inspection hatches permit inspection and access to chutes, transition points and other housings for belt scraper maintenance and inspection or other maintenance.","og_url":"https:\/\/foerderbandtechnik.eu\/en\/inspection-hatches\/","og_site_name":"FTK F\u00f6rderbandtechnik","article_modified_time":"2025-04-03T07:25:35+00:00","og_image":[{"width":528,"height":600,"url":"https:\/\/foerderbandtechnik.eu\/wp-content\/uploads\/2021\/09\/csm_Inspektionstuer_b81f502401.webp","type":"image\/webp"}],"twitter_card":"summary_large_image","twitter_misc":{"Est. reading time":"1 minute"},"schema":{"@context":"https:\/\/schema.org","@graph":[{"@type":"WebPage","@id":"https:\/\/foerderbandtechnik.eu\/en\/inspection-hatches\/","url":"https:\/\/foerderbandtechnik.eu\/en\/inspection-hatches\/","name":"Dust-proof inspection hatches - FTK F\u00f6rderband Technik Kilian","isPartOf":{"@id":"https:\/\/foerderbandtechnik.eu\/en\/#website"},"primaryImageOfPage":{"@id":"https:\/\/foerderbandtechnik.eu\/en\/inspection-hatches\/#primaryimage"},"image":{"@id":"https:\/\/foerderbandtechnik.eu\/en\/inspection-hatches\/#primaryimage"},"thumbnailUrl":"https:\/\/foerderbandtechnik.eu\/wp-content\/uploads\/2021\/09\/csm_Inspektionstuer_b81f502401.webp","datePublished":"2022-05-24T13:05:18+00:00","dateModified":"2025-04-03T07:25:35+00:00","description":"Dust-proof inspection hatches permit inspection and access to chutes, transition points and other housings for belt scraper maintenance and inspection or other maintenance.","breadcrumb":{"@id":"https:\/\/foerderbandtechnik.eu\/en\/inspection-hatches\/#breadcrumb"},"inLanguage":"en-US","potentialAction":[{"@type":"ReadAction","target":["https:\/\/foerderbandtechnik.eu\/en\/inspection-hatches\/"]}]},{"@type":"ImageObject","inLanguage":"en-US","@id":"https:\/\/foerderbandtechnik.eu\/en\/inspection-hatches\/#primaryimage","url":"https:\/\/foerderbandtechnik.eu\/wp-content\/uploads\/2021\/09\/csm_Inspektionstuer_b81f502401.webp","contentUrl":"https:\/\/foerderbandtechnik.eu\/wp-content\/uploads\/2021\/09\/csm_Inspektionstuer_b81f502401.webp"},{"@type":"BreadcrumbList","@id":"https:\/\/foerderbandtechnik.eu\/en\/inspection-hatches\/#breadcrumb","itemListElement":[{"@type":"ListItem","position":1,"name":"Home","item":"https:\/\/foerderbandtechnik.eu\/en\/"},{"@type":"ListItem","position":2,"name":"Inspection hatches"}]},{"@type":"WebSite","@id":"https:\/\/foerderbandtechnik.eu\/en\/#website","url":"https:\/\/foerderbandtechnik.eu\/en\/","name":"FTK F\u00f6rderbandtechnik","description":"FTK F\u00f6rderbandtechnik","publisher":{"@id":"https:\/\/foerderbandtechnik.eu\/en\/#organization"},"potentialAction":[{"@type":"SearchAction","target":{"@type":"EntryPoint","urlTemplate":"https:\/\/foerderbandtechnik.eu\/en\/?s={search_term_string}"},"query-input":{"@type":"PropertyValueSpecification","valueRequired":true,"valueName":"search_term_string"}}],"inLanguage":"en-US"},{"@type":"Organization","@id":"https:\/\/foerderbandtechnik.eu\/en\/#organization","name":"FTK F\u00f6rderbandtechnik","url":"https:\/\/foerderbandtechnik.eu\/en\/","logo":{"@type":"ImageObject","inLanguage":"en-US","@id":"https:\/\/foerderbandtechnik.eu\/en\/#\/schema\/logo\/image\/","url":"https:\/\/foerderbandtechnik.eu\/wp-content\/uploads\/2021\/06\/Logo.svg","contentUrl":"https:\/\/foerderbandtechnik.eu\/wp-content\/uploads\/2021\/06\/Logo.svg","width":232.422,"height":133.646,"caption":"FTK F\u00f6rderbandtechnik"},"image":{"@id":"https:\/\/foerderbandtechnik.eu\/en\/#\/schema\/logo\/image\/"}}]}},"_links":{"self":[{"href":"https:\/\/foerderbandtechnik.eu\/en\/wp-json\/wp\/v2\/pages\/4500","targetHints":{"allow":["GET"]}}],"collection":[{"href":"https:\/\/foerderbandtechnik.eu\/en\/wp-json\/wp\/v2\/pages"}],"about":[{"href":"https:\/\/foerderbandtechnik.eu\/en\/wp-json\/wp\/v2\/types\/page"}],"author":[{"embeddable":true,"href":"https:\/\/foerderbandtechnik.eu\/en\/wp-json\/wp\/v2\/users\/15"}],"replies":[{"embeddable":true,"href":"https:\/\/foerderbandtechnik.eu\/en\/wp-json\/wp\/v2\/comments?post=4500"}],"version-history":[{"count":14,"href":"https:\/\/foerderbandtechnik.eu\/en\/wp-json\/wp\/v2\/pages\/4500\/revisions"}],"predecessor-version":[{"id":7091,"href":"https:\/\/foerderbandtechnik.eu\/en\/wp-json\/wp\/v2\/pages\/4500\/revisions\/7091"}],"wp:attachment":[{"href":"https:\/\/foerderbandtechnik.eu\/en\/wp-json\/wp\/v2\/media?parent=4500"}],"curies":[{"name":"wp","href":"https:\/\/api.w.org\/{rel}","templated":true}]}}